{"id":33,"date":"2022-03-15T20:23:12","date_gmt":"2022-03-15T23:23:12","guid":{"rendered":"https:\/\/drakelsyarbiza.com\/?page_id=33"},"modified":"2023-08-12T19:11:35","modified_gmt":"2023-08-12T22:11:35","slug":"sobre-mi","status":"publish","type":"page","link":"https:\/\/drakelsyarbiza.com\/pb\/sobre-mi\/","title":{"rendered":"Sobre mim"},"content":{"rendered":"<p>Doutor formado na Universidad de la Republica, com mestrado em Medicina Familiar e Comunit\u00e1ria. Mais de 10 anos de experi\u00eancia no exerc\u00edcio da profiss\u00e3o na ASSE, e em outros prestadores de servi\u00e7os de sa\u00fade. Treinamento cont\u00ednuo em programas de sa\u00fade tanto nacional como internacional. Participa\u00e7\u00e3o em projetos comunit\u00e1rios, coordena\u00e7\u00e3o e gest\u00e3o em redes locais com equipes multidisciplinares. Atualmente trabalhando como M\u00e9dico de Fam\u00edlia e Comunidade no Centro de Sa\u00fade de Ciudad Vieja, parte do RAP Metropolitano. Ela participa do Programa Aduana (Inf\u00e2ncia), cuidado infantil em policl\u00ednicas e cuidado de pacientes cr\u00f4nicos, coordena o Grupo de Adultos Idosos, a equipe encarregada da viol\u00eancia de g\u00eanero e Gera\u00e7\u00f5es da RAP ASSE e o Minist\u00e9rio da Sa\u00fade. Ela ensina Medicina Tradicional Chinesa na Escola Naturopata do Uruguai.<br \/>\nEspecializado em Acupuntura no Centro Brasileiro de Estudos Superiores, Acupuntura Neurofuncional GEANF, Porto Alegre, Brasil. Mestrado em Acupuntura de Medicina Tradicional Chinesa, Moxibustion e Massagem Tui-Na na Universidade de Sanxi, Prov\u00edncia de Taiyuan, China. Semin\u00e1rio de Medicina Chinesa em Beijing, Hospital Yiyuan. Membro da Associa\u00e7\u00e3o Uruguaia de Acupuntura com forma\u00e7\u00e3o permanente. Mais de 10 anos de experi\u00eancia em Acupuntura em consult\u00f3rio particular e Servi\u00e7o de Reabilita\u00e7\u00e3o F\u00edsica do Hospital da Pol\u00edcia. P\u00f3s-gradua\u00e7\u00e3o em Fitoterapia na Funda\u00e7\u00e3o Internacional de Medicina Integrativa (Cordoba-Argentina).<\/p>","protected":false},"excerpt":{"rendered":"<p>Doutor formado na Universidad de la Republica, com mestrado em Medicina Familiar e Comunit\u00e1ria. Mais de 10 anos de experi\u00eancia no exerc\u00edcio da profiss\u00e3o na ASSE, e em outros prestadores de servi\u00e7os de sa\u00fade. Treinamento cont\u00ednuo em programas de sa\u00fade tanto nacional como internacional. Participa\u00e7\u00e3o em projetos comunit\u00e1rios, coordena\u00e7\u00e3o e gest\u00e3o em redes locais com [&hellip;]<\/p>\n","protected":false},"author":1,"featured_media":92,"parent":0,"menu_order":0,"comment_status":"closed","ping_status":"closed","template":"","meta":{"footnotes":""},"class_list":["post-33","page","type-page","status-publish","has-post-thumbnail","hentry"],"acf":[],"_links":{"self":[{"href":"https:\/\/drakelsyarbiza.com\/pb\/wp-json\/wp\/v2\/pages\/33","targetHints":{"allow":["GET"]}}],"collection":[{"href":"https:\/\/drakelsyarbiza.com\/pb\/wp-json\/wp\/v2\/pages"}],"about":[{"href":"https:\/\/drakelsyarbiza.com\/pb\/wp-json\/wp\/v2\/types\/page"}],"author":[{"embeddable":true,"href":"https:\/\/drakelsyarbiza.com\/pb\/wp-json\/wp\/v2\/users\/1"}],"replies":[{"embeddable":true,"href":"https:\/\/drakelsyarbiza.com\/pb\/wp-json\/wp\/v2\/comments?post=33"}],"version-history":[{"count":15,"href":"https:\/\/drakelsyarbiza.com\/pb\/wp-json\/wp\/v2\/pages\/33\/revisions"}],"predecessor-version":[{"id":234,"href":"https:\/\/drakelsyarbiza.com\/pb\/wp-json\/wp\/v2\/pages\/33\/revisions\/234"}],"wp:featuredmedia":[{"embeddable":true,"href":"https:\/\/drakelsyarbiza.com\/pb\/wp-json\/wp\/v2\/media\/92"}],"wp:attachment":[{"href":"https:\/\/drakelsyarbiza.com\/pb\/wp-json\/wp\/v2\/media?parent=33"}],"curies":[{"name":"wp","href":"https:\/\/api.w.org\/{rel}","templated":true}]}}